{"id":448,"date":"2017-07-19T09:14:34","date_gmt":"2017-07-19T09:14:34","guid":{"rendered":"http:\/\/www.nicdarkthemes.com\/themes\/hotel\/wp\/demo\/?page_id=448"},"modified":"2023-07-03T21:29:34","modified_gmt":"2023-07-03T21:29:34","slug":"restauration","status":"publish","type":"page","link":"https:\/\/www.maiahotelsuites.com\/en\/restauration\/","title":{"rendered":"FOOD AND DRINKS"},"content":{"rendered":"<div data-vc-full-width=\"true\" data-vc-full-width-init=\"false\" data-vc-stretch-content=\"true\" class=\"vc_row wpb_row vc_row-fluid vc_custom_1645387954688 vc_row-has-fill vc_row-no-padding\"><div class=\"wpb_column vc_column_container vc_col-sm-12 vc_col-has-fill\"><div class=\"vc_column-inner vc_custom_1650072010471\"><div class=\"wpb_wrapper\"><h1 style=\"color: #ffffff;text-align: center\" class=\"vc_custom_heading nd_options_color_white nd_booking_font_size_55 nd_booking_font_size_30_all_iphone nd_options_first_font\" >FOOD AND DRINKS<\/h1><\/div><\/div><\/div><\/div><div class=\"vc_row-full-width vc_clearfix\"><\/div><div data-vc-full-width=\"true\" data-vc-full-width-init=\"false\" class=\"vc_row wpb_row vc_row-fluid vc_custom_1646088671988 vc_row-has-fill\"><div class=\"wpb_animate_when_almost_visible wpb_fadeInDown fadeInDown wpb_column vc_column_container vc_col-sm-12\"><div class=\"vc_column-inner\"><div class=\"wpb_wrapper\"><div style=\"background-color:; height: 20px;\" class=\"nicdark_section\"><\/div> <h2 style=\"color:#ac1e75; padding:px; text-align:center; font-size:px; line-height:px; letter-spacing: 2px; font-weight:bold;\" class=\"nd_options_font_size_30 nd_options_font_size_24_important_all_iphone nd_options_line_height_24_important_all_iphone nd_options_third_font\">FOOD &amp; DRINKS<\/h2> <div style=\"background-color:; height: 10px;\" class=\"nicdark_section\"><\/div>\n    <div class=\"nd_options_section nd_options_line_height_0  nd_options_text_align_center\">\n        <span style=\"height:2px; width:120px; background-color:#ac1e75;\" class=\"nd_options_display_inline_block\"><\/span>\n    <\/div>\n   <div style=\"background-color:; height: 20px;\" class=\"nicdark_section\"><\/div><\/div><\/div><\/div><\/div><div class=\"vc_row-full-width vc_clearfix\"><\/div><div data-vc-full-width=\"true\" data-vc-full-width-init=\"false\" class=\"vc_row wpb_row vc_row-fluid vc_custom_1646093952657 vc_row-has-fill vc_row-o-equal-height vc_row-o-content-middle vc_row-flex\"><div class=\"wpb_animate_when_almost_visible wpb_fadeInUp fadeInUp wpb_column vc_column_container vc_col-sm-12 vc_col-has-fill\"><div class=\"vc_column-inner vc_custom_1646749095062\"><div class=\"wpb_wrapper\">\n\t<div class=\"wpb_text_column wpb_content_element\" >\n\t\t<div class=\"wpb_wrapper\">\n\t\t\t<p class=\"nd_booking_font_size_16 nd_options_first_font nd_options_font_weight_normal nd_options_letter_space_2 nd_booking_line_height_25 nd_options_color_black nd_options_text_justify\">The \"Restaurant\" is located on the 1st floor and has a capacity of 60 seats, it offers a varied and hearty breakfast to suit all tastes to allow you to start the day. It is served  from 06:30 to 10:00.<\/p>\n<p class=\"nd_booking_font_size_16 nd_options_first_font nd_options_font_weight_normal nd_options_letter_space_2 nd_booking_line_height_25 nd_options_color_black nd_options_text_justify\">The continental breakfast is composed of a hot drink, fresh juice, pastries, bread, butter, jam and honey. On request we can add fruit salad, cold cuts, cheese, yogurt, cereals or eggs in different forms.<\/p>\n\n\t\t<\/div>\n\t<\/div>\n<div class=\"vc_empty_space\"   style=\"height: 32px\"><span class=\"vc_empty_space_inner\"><\/span><\/div><div class=\"vc_row wpb_row vc_inner vc_row-fluid\"><div class=\"wpb_column vc_column_container vc_col-sm-6\"><div class=\"vc_column-inner\"><div class=\"wpb_wrapper\">\n\t<div class=\"wpb_raw_code wpb_content_element wpb_raw_html\" >\n\t\t<div class=\"wpb_wrapper\">\n\t\t\t\n<div class=\"wp-block-presto-player-reusable-edit\"><!--presto-player:video_id=1--><figure class=\"wp-block-video presto-block-video aligncenter presto-provider-youtube\" style=\"--plyr-color-main: #8e7d6c; --presto-player-logo-width: 150px; \">\n    <presto-player  id=\"presto-player-1\" src=\"\/\/www.youtube.com\/embed\/wvZUXiaza-E?iv_load_policy=3&amp;modestbranding=1&amp;playinline=1&amp;showinfo=0&amp;rel=0&amp;enablejsapi=1\" media-title=\"Maia petit d\u00e9jeuner\" css=\"\" class=\"presto-video-id-1 presto-preset-id-3 skin-modern\" skin=\"modern\" icon-url=\"https:\/\/www.maiahotelsuites.com\/wp-content\/plugins\/presto-player\/img\/sprite.svg\" preload=\"\" poster=\"https:\/\/www.maiahotelsuites.com\/wp-content\/uploads\/2022\/02\/Rectangle-nos-chambres@2x.jpg\" playsinline>\n        \n    <div class=\"presto-iframe-fallback-container\">\n        <iframe style=\"width: 100%\" title=\"Youtube Video\" class=\"presto-fallback-iframe\" id=\"presto-iframe-fallback-1\" data-src=\"https:\/\/www.youtube.com\/embed\/wvZUXiaza-E?iv_load_policy=3&amp;modestbranding=1&amp;playsinline=1&amp;showinfo=0&amp;rel=0&amp;enablejsapi=1\" allowfullscreen allowtransparency allow=\"autoplay\"><\/iframe>\n    <\/div>\n\n    <\/presto-player>\n<\/figure>        <script>\n            var player = document.querySelector('presto-player#presto-player-1');\n            player.video_id = 1;\n                                                player.preset = {\"id\":3,\"name\":\"Simple\",\"slug\":\"simple\",\"icon\":\"video-alt3\",\"skin\":\"modern\",\"play-large\":true,\"rewind\":false,\"play\":true,\"fast-forward\":false,\"progress\":true,\"current-time\":false,\"mute\":false,\"volume\":false,\"speed\":false,\"pip\":false,\"fullscreen\":true,\"captions\":false,\"reset_on_end\":true,\"auto_hide\":true,\"captions_enabled\":false,\"save_player_position\":false,\"sticky_scroll\":false,\"sticky_scroll_position\":\"bottom right\",\"on_video_end\":\"select\",\"play_video_viewport\":false,\"hide_youtube\":true,\"lazy_load_youtube\":false,\"hide_logo\":false,\"border_radius\":0,\"caption_style\":\"\",\"caption_background\":\"\",\"is_locked\":true,\"cta\":[\"\"],\"watermark\":[\"\"],\"search\":[\"\"],\"email_collection\":[\"\"],\"action_bar\":[\"\"],\"created_by\":1,\"created_at\":\"2023-07-03 21:06:52\",\"updated_at\":\"2023-07-03 21:06:52\",\"deleted_at\":\"\"};\n                                                                player.chapters = [];\n                                                                player.overlays = [];\n                                                                player.tracks = [];\n                                                                player.branding = {\"logo\":\"\",\"color\":\"#8e7d6c\",\"logo_width\":150,\"player_css\":\"\"};\n                                                                player.blockAttributes = {\"playsInline\":true,\"id\":1,\"src\":\"https:\\\/\\\/youtu.be\\\/wvZUXiaza-E\",\"poster\":\"http:\\\/\\\/www.maiahotelsuites.com\\\/wp-content\\\/uploads\\\/2022\\\/02\\\/Rectangle-nos-chambres@2x.jpg\",\"preset\":3,\"video_id\":\"wvZUXiaza-E\",\"align\":\"center\",\"visibility\":\"public\",\"color\":\"#00b3ff\",\"mutedPreview\":{\"enabled\":false,\"captions\":false},\"mutedOverlay\":{\"enabled\":false,\"src\":\"\",\"width\":200,\"focalPoint\":{\"x\":0.5,\"y\":0.5}},\"mutedOverlayType\":\"text\",\"mutedOverlayText\":\"Click to play\",\"mutedOverlayImageWidth\":200,\"chapters\":[],\"overlays\":[],\"tracks\":[],\"title\":\"Maia petit d\\u00e9jeuner\"};\n                                                                                            player.skin = \"modern\";\n                                                                player.analytics = false;\n                                                                player.automations = true;\n                                                                player.provider = \"youtube\";\n                                                                player.video_id = 1;\n                                                                                                                        player.provider_video_id = \"wvZUXiaza-E\";\n                                                                player.youtube = {\"noCookie\":false,\"channelId\":\"\",\"show_count\":false};\n                                    <\/script>\n        <\/div>\n\n\t\t<\/div>\n\t<\/div>\n<\/div><\/div><\/div><div class=\"wpb_column vc_column_container vc_col-sm-6\"><div class=\"vc_column-inner\"><div class=\"wpb_wrapper\">\n\t<div class=\"wpb_raw_code wpb_content_element wpb_raw_html\" >\n\t\t<div class=\"wpb_wrapper\">\n\t\t\t\n<div class=\"wp-block-presto-player-reusable-edit\"><!--presto-player:video_id=2--><figure class=\"wp-block-video presto-block-video aligncenter presto-provider-youtube\" style=\"--plyr-color-main: #8e7d6c; --presto-player-logo-width: 150px; \">\n    <presto-player  id=\"presto-player-2\" src=\"\/\/www.youtube.com\/embed\/wGay-1k--3M?iv_load_policy=3&amp;modestbranding=1&amp;playinline=1&amp;showinfo=0&amp;rel=0&amp;enablejsapi=1\" media-title=\"Maia Restaurant\" css=\"\" class=\"presto-video-id-2 presto-preset-id-3 skin-modern\" skin=\"modern\" icon-url=\"https:\/\/www.maiahotelsuites.com\/wp-content\/plugins\/presto-player\/img\/sprite.svg\" preload=\"\" poster=\"\" playsinline>\n        \n    <div class=\"presto-iframe-fallback-container\">\n        <iframe style=\"width: 100%\" title=\"Youtube Video\" class=\"presto-fallback-iframe\" id=\"presto-iframe-fallback-2\" data-src=\"https:\/\/www.youtube.com\/embed\/wGay-1k--3M?iv_load_policy=3&amp;modestbranding=1&amp;playsinline=1&amp;showinfo=0&amp;rel=0&amp;enablejsapi=1\" allowfullscreen allowtransparency allow=\"autoplay\"><\/iframe>\n    <\/div>\n\n    <\/presto-player>\n<\/figure>        <script>\n            var player = document.querySelector('presto-player#presto-player-2');\n            player.video_id = 2;\n                                                player.preset = {\"id\":3,\"name\":\"Simple\",\"slug\":\"simple\",\"icon\":\"video-alt3\",\"skin\":\"modern\",\"play-large\":true,\"rewind\":false,\"play\":true,\"fast-forward\":false,\"progress\":true,\"current-time\":false,\"mute\":false,\"volume\":false,\"speed\":false,\"pip\":false,\"fullscreen\":true,\"captions\":false,\"reset_on_end\":true,\"auto_hide\":true,\"captions_enabled\":false,\"save_player_position\":false,\"sticky_scroll\":false,\"sticky_scroll_position\":\"bottom right\",\"on_video_end\":\"select\",\"play_video_viewport\":false,\"hide_youtube\":true,\"lazy_load_youtube\":false,\"hide_logo\":false,\"border_radius\":0,\"caption_style\":\"\",\"caption_background\":\"\",\"is_locked\":true,\"cta\":[\"\"],\"watermark\":[\"\"],\"search\":[\"\"],\"email_collection\":[\"\"],\"action_bar\":[\"\"],\"created_by\":1,\"created_at\":\"2023-07-03 21:06:52\",\"updated_at\":\"2023-07-03 21:06:52\",\"deleted_at\":\"\"};\n                                                                player.chapters = [];\n                                                                player.overlays = [];\n                                                                player.tracks = [];\n                                                                player.branding = {\"logo\":\"\",\"color\":\"#8e7d6c\",\"logo_width\":150,\"player_css\":\"\"};\n                                                                player.blockAttributes = {\"playsInline\":true,\"id\":2,\"src\":\"https:\\\/\\\/youtu.be\\\/wGay-1k--3M\",\"poster\":\"\",\"preset\":3,\"video_id\":\"wGay-1k--3M\",\"align\":\"center\",\"visibility\":\"public\",\"color\":\"#00b3ff\",\"mutedPreview\":{\"enabled\":false,\"captions\":false},\"mutedOverlay\":{\"enabled\":false,\"src\":\"\",\"width\":200,\"focalPoint\":{\"x\":0.5,\"y\":0.5}},\"mutedOverlayType\":\"text\",\"mutedOverlayText\":\"Click to play\",\"mutedOverlayImageWidth\":200,\"chapters\":[],\"overlays\":[],\"tracks\":[],\"title\":\"Maia Restaurant\"};\n                                                                                            player.skin = \"modern\";\n                                                                player.analytics = false;\n                                                                player.automations = true;\n                                                                player.provider = \"youtube\";\n                                                                player.video_id = 2;\n                                                                                                                        player.provider_video_id = \"wGay-1k--3M\";\n                                                                player.youtube = {\"noCookie\":false,\"channelId\":\"\",\"show_count\":false};\n                                    <\/script>\n        <\/div>\n\n\t\t<\/div>\n\t<\/div>\n<\/div><\/div><\/div><\/div><\/div><\/div><\/div><\/div><div class=\"vc_row-full-width vc_clearfix\"><\/div><div data-vc-full-width=\"true\" data-vc-full-width-init=\"false\" class=\"vc_row wpb_row vc_row-fluid nd_options_vc_parallax_filter_1_3 vc_custom_1652735366431 vc_row-has-fill vc_row-o-content-top vc_row-flex\"><div class=\"wpb_column vc_column_container vc_col-sm-6\"><div class=\"vc_column-inner vc_custom_1652734984814\"><div class=\"wpb_wrapper\"><div class=\"vc_row wpb_row vc_inner vc_row-fluid\"><div class=\"wpb_column vc_column_container vc_col-sm-12\"><div class=\"vc_column-inner vc_custom_1652734994614\"><div class=\"wpb_wrapper\">\n\t<div  class=\"wpb_single_image wpb_content_element vc_align_center  wpb_animate_when_almost_visible wpb_flipInY flipInY vc_custom_1652734813672\">\n\t\t\n\t\t<figure class=\"wpb_wrapper vc_figure\">\n\t\t\t<div class=\"vc_single_image-wrapper   vc_box_border_grey\"><img loading=\"lazy\" decoding=\"async\" width=\"787\" height=\"1024\" src=\"https:\/\/www.maiahotelsuites.com\/wp-content\/uploads\/2022\/05\/restorat01-787x1024.jpg\" class=\"vc_single_image-img attachment-large\" alt=\"\" srcset=\"https:\/\/www.maiahotelsuites.com\/wp-content\/uploads\/2022\/05\/restorat01-787x1024.jpg 787w, https:\/\/www.maiahotelsuites.com\/wp-content\/uploads\/2022\/05\/restorat01-231x300.jpg 231w, https:\/\/www.maiahotelsuites.com\/wp-content\/uploads\/2022\/05\/restorat01-768x999.jpg 768w, https:\/\/www.maiahotelsuites.com\/wp-content\/uploads\/2022\/05\/restorat01-9x12.jpg 9w, https:\/\/www.maiahotelsuites.com\/wp-content\/uploads\/2022\/05\/restorat01-18x24.jpg 18w, https:\/\/www.maiahotelsuites.com\/wp-content\/uploads\/2022\/05\/restorat01-28x36.jpg 28w, https:\/\/www.maiahotelsuites.com\/wp-content\/uploads\/2022\/05\/restorat01-37x48.jpg 37w, https:\/\/www.maiahotelsuites.com\/wp-content\/uploads\/2022\/05\/restorat01.jpg 790w\" sizes=\"auto, (max-width: 787px) 100vw, 787px\" \/><\/div>\n\t\t<\/figure>\n\t<\/div>\n<\/div><\/div><\/div><\/div><\/div><\/div><\/div><div class=\"wpb_column vc_column_container vc_col-sm-6\"><div class=\"vc_column-inner\"><div class=\"wpb_wrapper\"><div class=\"vc_row wpb_row vc_inner vc_row-fluid vc_custom_1645388215668\"><div class=\"wpb_column vc_column_container vc_col-sm-12\"><div class=\"vc_column-inner vc_custom_1652735166049\"><div class=\"wpb_wrapper\">\n\t<div  class=\"wpb_single_image wpb_content_element vc_align_center  wpb_animate_when_almost_visible wpb_flipInY flipInY\">\n\t\t\n\t\t<figure class=\"wpb_wrapper vc_figure\">\n\t\t\t<div class=\"vc_single_image-wrapper   vc_box_border_grey\"><img loading=\"lazy\" decoding=\"async\" width=\"812\" height=\"520\" src=\"https:\/\/www.maiahotelsuites.com\/wp-content\/uploads\/2022\/04\/Rectangle-resto@2x.jpg\" class=\"vc_single_image-img attachment-full\" alt=\"\" srcset=\"https:\/\/www.maiahotelsuites.com\/wp-content\/uploads\/2022\/04\/Rectangle-resto@2x.jpg 812w, https:\/\/www.maiahotelsuites.com\/wp-content\/uploads\/2022\/04\/Rectangle-resto@2x-300x192.jpg 300w, https:\/\/www.maiahotelsuites.com\/wp-content\/uploads\/2022\/04\/Rectangle-resto@2x-768x492.jpg 768w, https:\/\/www.maiahotelsuites.com\/wp-content\/uploads\/2022\/04\/Rectangle-resto@2x-18x12.jpg 18w, https:\/\/www.maiahotelsuites.com\/wp-content\/uploads\/2022\/04\/Rectangle-resto@2x-24x15.jpg 24w, https:\/\/www.maiahotelsuites.com\/wp-content\/uploads\/2022\/04\/Rectangle-resto@2x-36x23.jpg 36w, https:\/\/www.maiahotelsuites.com\/wp-content\/uploads\/2022\/04\/Rectangle-resto@2x-48x31.jpg 48w\" sizes=\"auto, (max-width: 812px) 100vw, 812px\" \/><\/div>\n\t\t<\/figure>\n\t<\/div>\n<\/div><\/div><\/div><\/div><div class=\"vc_row wpb_row vc_inner vc_row-fluid vc_custom_1645388188759\"><div class=\"wpb_column vc_column_container vc_col-sm-12 vc_col-has-fill\"><div class=\"vc_column-inner vc_custom_1652735390759\"><div class=\"wpb_wrapper\"> <h2 style=\"color:#ffffff; padding:px; text-align:center; font-size:22px; line-height:24px; letter-spacing: px; font-weight:bold;\" class=\"nd_options_second_font\">\u00ab The Corner \u00bb<\/h2> <div style=\"background-color:; height: 30px;\" class=\"nicdark_section\"><\/div> <p style=\"color:#ffffff; padding:px; text-align:; font-size:14px; line-height:24px; letter-spacing: px; font-weight:normal;\" class=\"nd_options_text_justify nd_options_first_font\">It is a coffee shop that is located at the reception, you can enjoy a good cup of coffee or sip a mint tea while enjoying a wide selection of books that are at your disposal at the library. You can buy snacks, biscuits, dried fruits etc<\/p> <\/div><\/div><\/div><\/div><\/div><\/div><\/div><\/div><div class=\"vc_row-full-width vc_clearfix\"><\/div><div data-vc-full-width=\"true\" data-vc-full-width-init=\"false\" class=\"vc_row wpb_row vc_row-fluid nd_options_vc_parallax_filter_1_3 vc_custom_1646093977500 vc_row-has-fill vc_row-o-equal-height vc_row-o-content-middle vc_row-flex\"><div class=\"wpb_column vc_column_container vc_col-sm-12\"><div class=\"vc_column-inner\"><div class=\"wpb_wrapper\">\n\t<div  class=\"wpb_single_image wpb_content_element vc_align_left  wpb_animate_when_almost_visible wpb_flipInX flipInX vc_custom_1646749135611\">\n\t\t\n\t\t<figure class=\"wpb_wrapper vc_figure\">\n\t\t\t<div class=\"vc_single_image-wrapper   vc_box_border_grey\"><img loading=\"lazy\" decoding=\"async\" width=\"1640\" height=\"795\" src=\"https:\/\/www.maiahotelsuites.com\/wp-content\/uploads\/2022\/02\/Rectangle-153.png\" class=\"vc_single_image-img attachment-full\" alt=\"\" srcset=\"https:\/\/www.maiahotelsuites.com\/wp-content\/uploads\/2022\/02\/Rectangle-153.png 1640w, https:\/\/www.maiahotelsuites.com\/wp-content\/uploads\/2022\/02\/Rectangle-153-300x145.png 300w, https:\/\/www.maiahotelsuites.com\/wp-content\/uploads\/2022\/02\/Rectangle-153-1024x496.png 1024w, https:\/\/www.maiahotelsuites.com\/wp-content\/uploads\/2022\/02\/Rectangle-153-768x372.png 768w, https:\/\/www.maiahotelsuites.com\/wp-content\/uploads\/2022\/02\/Rectangle-153-1536x745.png 1536w\" sizes=\"auto, (max-width: 1640px) 100vw, 1640px\" \/><\/div>\n\t\t<\/figure>\n\t<\/div>\n<\/div><\/div><\/div><\/div><div class=\"vc_row-full-width vc_clearfix\"><\/div><div data-vc-full-width=\"true\" data-vc-full-width-init=\"false\" data-vc-stretch-content=\"true\" class=\"vc_row wpb_row vc_row-fluid vc_custom_1646088706188 vc_row-has-fill vc_row-no-padding\"><div class=\"wpb_animate_when_almost_visible wpb_fadeInDown fadeInDown wpb_column vc_column_container vc_col-sm-12\"><div class=\"vc_column-inner\"><div class=\"wpb_wrapper\"><div style=\"background-color:; height: 20px;\" class=\"nicdark_section\"><\/div> <h1 style=\"color:#ac1e75; padding:px; text-align:center; font-size:px; line-height:px; letter-spacing: 2px; font-weight:bold;\" class=\"nd_options_font_size_30 nd_options_font_size_24_important_all_iphone nd_options_line_height_24_important_all_iphone nd_options_third_font\">CONTACT<\/h1> <div style=\"background-color:; height: 10px;\" class=\"nicdark_section\"><\/div>\n    <div class=\"nd_options_section nd_options_line_height_0  nd_options_text_align_center\">\n        <span style=\"height:2px; width:120px; background-color:#ac1e75;\" class=\"nd_options_display_inline_block\"><\/span>\n    <\/div>\n   <div style=\"background-color:; height: 20px;\" class=\"nicdark_section\"><\/div><\/div><\/div><\/div><\/div><div class=\"vc_row-full-width vc_clearfix\"><\/div><div data-vc-full-width=\"true\" data-vc-full-width-init=\"false\" class=\"vc_row wpb_row vc_row-fluid nd_options_vc_parallax_filter_1_3 wpb_animate_when_almost_visible wpb_fadeInUp fadeInUp vc_custom_1651706272656 vc_row-has-fill vc_row-o-equal-height vc_row-o-content-middle vc_row-flex\"><div class=\"wpb_column vc_column_container vc_col-sm-3 vc_col-has-fill\"><div class=\"vc_column-inner vc_custom_1651706286582\"><div class=\"wpb_wrapper\"><section class=\"vc_cta3-container\"><div class=\"vc_general vc_cta3 nd_contact_info_mail vc_cta3-style-flat vc_cta3-shape-square vc_cta3-align-left vc_cta3-color-white vc_cta3-icons-on-border vc_cta3-icon-size-md vc_cta3-icons-left vc_custom_1648674600438\"><div class=\"vc_cta3-icons\"><div class=\"vc_icon_element vc_icon_element-outer vc_icon_element-align-left\"><div class=\"vc_icon_element-inner vc_icon_element-color-custom vc_icon_element-size-md vc_icon_element-style- vc_icon_element-background-color-grey\" ><span class=\"vc_icon_element-icon fas fa-envelope\" style=\"color:#1a5467 !important\"><\/span><\/div><\/div><\/div><div class=\"vc_cta3_content-container\"><div class=\"vc_cta3-content\"><header class=\"vc_cta3-content-header\"><\/header><p><a href=\"mailto: contact@maiahotelsuites.com\"><span style=\"color: #000000;\">contact@maiahotelsuites.com<\/span><\/a><\/p>\n<\/div><\/div><\/div><\/section><\/div><\/div><\/div><div class=\"wpb_column vc_column_container vc_col-sm-3 vc_col-has-fill\"><div class=\"vc_column-inner vc_custom_1651706292402\"><div class=\"wpb_wrapper\"><section class=\"vc_cta3-container\"><div class=\"vc_general vc_cta3 vc_cta3-style-flat vc_cta3-shape-square vc_cta3-align-left vc_cta3-color-white vc_cta3-icons-on-border vc_cta3-icon-size-md vc_cta3-icons-left vc_custom_1646085815318\"><div class=\"vc_cta3-icons\"><div class=\"vc_icon_element vc_icon_element-outer vc_icon_element-align-left\"><div class=\"vc_icon_element-inner vc_icon_element-color-custom vc_icon_element-size-md vc_icon_element-style- vc_icon_element-background-color-grey\" ><span class=\"vc_icon_element-icon fas fa-globe\" style=\"color:#1a5467 !important\"><\/span><\/div><\/div><\/div><div class=\"vc_cta3_content-container\"><div class=\"vc_cta3-content\"><header class=\"vc_cta3-content-header\"><\/header><p><span style=\"color: #000000;\">www.maiahotelsuites.com<\/span><\/p>\n<\/div><\/div><\/div><\/section><\/div><\/div><\/div><div class=\"wpb_column vc_column_container vc_col-sm-3 vc_col-has-fill\"><div class=\"vc_column-inner vc_custom_1651706300797\"><div class=\"wpb_wrapper\"><section class=\"vc_cta3-container\"><div class=\"vc_general vc_cta3 nd_contact_info_mail vc_cta3-style-flat vc_cta3-shape-square vc_cta3-align-left vc_cta3-color-white vc_cta3-icons-on-border vc_cta3-icon-size-md vc_cta3-icons-left vc_custom_1646085588061\"><div class=\"vc_cta3-icons\"><div class=\"vc_icon_element vc_icon_element-outer vc_icon_element-align-left\"><div class=\"vc_icon_element-inner vc_icon_element-color-custom vc_icon_element-size-md vc_icon_element-style- vc_icon_element-background-color-grey\" ><span class=\"vc_icon_element-icon fas fa-phone-alt\" style=\"color:#1a5467 !important\"><\/span><\/div><\/div><\/div><div class=\"vc_cta3_content-container\"><div class=\"vc_cta3-content\"><header class=\"vc_cta3-content-header\"><\/header><p><span style=\"color: #000000;\">+216 31 336 700<\/span><\/p>\n<\/div><\/div><\/div><\/section><\/div><\/div><\/div><div class=\"wpb_column vc_column_container vc_col-sm-3 vc_col-has-fill\"><div class=\"vc_column-inner vc_custom_1651706309986\"><div class=\"wpb_wrapper\"><section class=\"vc_cta3-container\"><div class=\"vc_general vc_cta3 nd_contact_info_mail vc_cta3-style-flat vc_cta3-shape-square vc_cta3-align-left vc_cta3-color-white vc_cta3-icons-on-border vc_cta3-icon-size-md vc_cta3-icons-left vc_custom_1646085642915\"><div class=\"vc_cta3-icons\"><div class=\"vc_icon_element vc_icon_element-outer vc_icon_element-align-left\"><div class=\"vc_icon_element-inner vc_icon_element-color-custom vc_icon_element-size-md vc_icon_element-style- vc_icon_element-background-color-grey\" ><span class=\"vc_icon_element-icon fas fa-map-marker-alt\" style=\"color:#1a5467 !important\"><\/span><\/div><\/div><\/div><div class=\"vc_cta3_content-container\"><div class=\"vc_cta3-content\"><header class=\"vc_cta3-content-header\"><\/header><p><span style=\"color: #000000;\">Rue du Lac L\u00e9man,\r\nLes Berges du Lac 1, Tunis<\/span><\/p>\n<\/div><\/div><\/div><\/section><\/div><\/div><\/div><\/div><div class=\"vc_row-full-width vc_clearfix\"><\/div>","protected":false},"excerpt":{"rendered":"RESTAURATION RESTAURANT Le \u00ab\u00a0Restaurant \u00bb se trouve au 1er \u00e9tage et d\u2019une capacit\u00e9 de 60 couverts, il vous offre un petit d\u00e9jeuner vari\u00e9 et copieux r\u00e9pondant \u00e0 tous les go\u00fbts pour vous permettre de bien d\u00e9marrer la journ\u00e9e. Il est servi \u00e0 table de 06h30 \u00e0 10h. Le petit d\u00e9jeuner inclus est servi \u00e0 table. [...]","protected":false},"author":1,"featured_media":1809,"parent":0,"menu_order":5,"comment_status":"closed","ping_status":"closed","template":"","meta":{"footnotes":""},"class_list":["post-448","page","type-page","status-publish","has-post-thumbnail","hentry"],"acf":[],"_links":{"self":[{"href":"https:\/\/www.maiahotelsuites.com\/en\/wp-json\/wp\/v2\/pages\/448","targetHints":{"allow":["GET"]}}],"collection":[{"href":"https:\/\/www.maiahotelsuites.com\/en\/wp-json\/wp\/v2\/pages"}],"about":[{"href":"https:\/\/www.maiahotelsuites.com\/en\/wp-json\/wp\/v2\/types\/page"}],"author":[{"embeddable":true,"href":"https:\/\/www.maiahotelsuites.com\/en\/wp-json\/wp\/v2\/users\/1"}],"replies":[{"embeddable":true,"href":"https:\/\/www.maiahotelsuites.com\/en\/wp-json\/wp\/v2\/comments?post=448"}],"version-history":[{"count":105,"href":"https:\/\/www.maiahotelsuites.com\/en\/wp-json\/wp\/v2\/pages\/448\/revisions"}],"predecessor-version":[{"id":2858,"href":"https:\/\/www.maiahotelsuites.com\/en\/wp-json\/wp\/v2\/pages\/448\/revisions\/2858"}],"wp:featuredmedia":[{"embeddable":true,"href":"https:\/\/www.maiahotelsuites.com\/en\/wp-json\/wp\/v2\/media\/1809"}],"wp:attachment":[{"href":"https:\/\/www.maiahotelsuites.com\/en\/wp-json\/wp\/v2\/media?parent=448"}],"curies":[{"name":"wp","href":"https:\/\/api.w.org\/{rel}","templated":true}]}}