{"id":1997,"date":"2022-02-23T21:14:20","date_gmt":"2022-02-23T21:14:20","guid":{"rendered":"https:\/\/www.maiahotelsuites.com\/?page_id=1997"},"modified":"2022-04-11T22:51:58","modified_gmt":"2022-04-11T22:51:58","slug":"reservation","status":"publish","type":"page","link":"https:\/\/www.maiahotelsuites.com\/en\/reservation\/","title":{"rendered":"RESERVATION"},"content":{"rendered":"<div id=\"nd_options_booking_page_header_img\" data-vc-full-width=\"true\" data-vc-full-width-init=\"false\" class=\"vc_row wpb_row vc_row-fluid vc_custom_1649717487590 vc_row-has-fill\"><div class=\"wpb_column vc_column_container vc_col-sm-12 vc_col-has-fill\"><div class=\"vc_column-inner vc_custom_1649717379474\"><div class=\"wpb_wrapper\"><div style=\"background-color:; height: 125px;\" class=\"nicdark_section\"><\/div>\n\t<div id=\"nd_booking_vc_steps\" class=\"nd_booking_section nd_booking_text_align_center\">\n\t\t\n\t\t<div class=\"nd_booking_section\">\n\t\t\t<h1 class=\"nd_options_color_white nd_booking_font_size_55 nd_booking_font_size_40_all_iphone nd_options_first_font\"><\/h1>\n\t\t<\/div>\n\n\t\t<style>\n\t\t.nd_booking_bg_custom_color { \n\t\t\tbackground-color: !important; \n\t\t\tborder-color:  !important;\n\t\t}\n\t\t<\/style>\n\n\t\t<div class=\"nd_booking_section nd_booking_height_100\"><\/div>\n\n\t\t<!--start steps-->\n\t\t<div class=\"nd_booking_section nd_booking_position_relative\">\n\t        <ul class=\"nd_booking_list_style_none nd_booking_padding_0 nd_booking_margin_0\">\n\t            \n\t            <li id=\"nd_booking_vc_steps_search\" class=\"nd_booking_display_inline_block nd_booking_margin_right_20 nd_booking_margin_left_20 nd_booking_margin_top_10_all_iphone nd_options_font_size_24_important_all_iphone nd_booking_line_height_24_important_all_iphone\">\n\t                <h1 class=\"nd_booking_border_1_solid_white nd_booking_width_20 nd_booking_height_20 nd_booking_line_height_20 nd_booking_font_size_11 nd_booking_display_inline_block nd_booking_border_radius_100_percentage nd_options_color_white nd_booking_margin_right_10\">1<\/h1>\n\t                <a class=\"nd_options_color_white nd_booking_font_size_12 nd_booking_letter_spacing_2 nd_booking_text_transform_uppercase\" href=\"https:\/\/www.maiahotelsuites.com\/en\/search\/\">Recherche<\/a>\n\t            <\/li>\n\t            <li id=\"nd_booking_vc_steps_booking\" class=\"nd_booking_display_inline_block nd_booking_margin_right_20 nd_booking_margin_left_20 nd_booking_margin_top_10_all_iphone nd_options_font_size_24_important_all_iphone nd_booking_line_height_24_important_all_iphone\">\n\t                <h1 class=\"nd_booking_border_1_solid_white nd_booking_width_20 nd_booking_height_20 nd_booking_line_height_20 nd_booking_font_size_11 nd_booking_display_inline_block nd_booking_border_radius_100_percentage nd_options_color_white nd_booking_margin_right_10\">2<\/h1>\n\t                <a class=\"nd_options_color_white nd_booking_font_size_12 nd_booking_letter_spacing_2 nd_booking_text_transform_uppercase nd_booking_cursor_text\" href=\"#\">R\u00e9servation<\/a>\n\t            <\/li>\n\t            <li id=\"nd_booking_vc_steps_checkout\" class=\"nd_booking_display_inline_block nd_booking_margin_right_20 nd_booking_margin_left_20 nd_booking_margin_top_10_all_iphone nd_options_font_size_24_important_all_iphone nd_booking_line_height_24_important_all_iphone\">\n\t                <h1 class=\"nd_booking_border_1_solid_white nd_booking_width_20 nd_booking_height_20 nd_booking_line_height_20 nd_booking_font_size_11 nd_booking_display_inline_block nd_booking_border_radius_100_percentage nd_options_color_white nd_booking_margin_right_10\">3<\/h1>\n\t                <a class=\"nd_options_color_white nd_booking_font_size_12 nd_booking_letter_spacing_2 nd_booking_text_transform_uppercase nd_booking_cursor_text\" href=\"#\">V\u00e9rification<\/a>\n\t            <\/li>\n\t            <li id=\"nd_booking_vc_steps_thankyou\" class=\"nd_booking_display_inline_block nd_booking_margin_right_20 nd_booking_margin_left_20 nd_booking_margin_top_10_all_iphone nd_options_font_size_24_important_all_iphone nd_booking_line_height_24_important_all_iphone\">\n\t                <h1 class=\"nd_booking_border_1_solid_white nd_booking_width_20 nd_booking_height_20 nd_booking_line_height_20 nd_booking_font_size_11 nd_booking_display_inline_block nd_booking_border_radius_100_percentage nd_options_color_white nd_booking_margin_right_10\">4<\/h1>\n\t                <a class=\"nd_options_color_white nd_booking_font_size_12 nd_booking_letter_spacing_2 nd_booking_text_transform_uppercase nd_booking_cursor_text\" href=\"#\">Merci<\/a>\n\t            <\/li>\n\t            \n\t        <\/ul>\n\t    <\/div>\n\t    <!--end steps-->\n\t<\/div>\n<div style=\"background-color:; height: 30px;\" class=\"nicdark_section\"><\/div><\/div><\/div><\/div><\/div><div class=\"vc_row-full-width vc_clearfix\"><\/div><div class=\"vc_row wpb_row vc_row-fluid vc_custom_1498836273191\"><div class=\"wpb_column vc_column_container vc_col-sm-12\"><div class=\"vc_column-inner\"><div class=\"wpb_wrapper\">\n\t<div class=\"wpb_text_column wpb_content_element\" >\n\t\t<div class=\"wpb_wrapper\">\n\t\t\t\n\n            <div class=\"nd_booking_section\">\n\n                <div class=\"nd_booking_float_left nd_booking_width_100_percentage nd_booking_box_sizing_border_box\">\n                    <p>Veuillez s\u00e9lectionner un chambre pour r\u00e9server<\/p>\n                    <div class=\"nd_booking_section nd_booking_height_20\"><\/div>\n                    <a href=\"https:\/\/www.maiahotelsuites.com\/en\/search\/\" class=\"nd_booking_bg_yellow nd_booking_padding_15_30_important nd_options_second_font_important nd_booking_border_radius_0_important nd_options_color_white nd_booking_cursor_pointer nd_booking_display_inline_block nd_booking_font_size_11 nd_booking_font_weight_bold nd_booking_letter_spacing_2\">RETOUR \u00c0 LA PAGE DE RECHERCHE<\/a>\n                <\/div>\n\n            <\/div>\n\n        \n\n\t\t<\/div>\n\t<\/div>\n<\/div><\/div><\/div><\/div>","protected":false},"excerpt":{"rendered":"1 Recherche 2 R\u00e9servation 3 V\u00e9rification 4 Merci Veuillez s\u00e9lectionner un chambre pour r\u00e9server RETOUR \u00c0 LA PAGE DE RECHERCHE","protected":false},"author":1,"featured_media":0,"parent":0,"menu_order":7,"comment_status":"closed","ping_status":"closed","template":"","meta":{"footnotes":""},"class_list":["post-1997","page","type-page","status-publish","hentry"],"acf":[],"_links":{"self":[{"href":"https:\/\/www.maiahotelsuites.com\/en\/wp-json\/wp\/v2\/pages\/1997","targetHints":{"allow":["GET"]}}],"collection":[{"href":"https:\/\/www.maiahotelsuites.com\/en\/wp-json\/wp\/v2\/pages"}],"about":[{"href":"https:\/\/www.maiahotelsuites.com\/en\/wp-json\/wp\/v2\/types\/page"}],"author":[{"embeddable":true,"href":"https:\/\/www.maiahotelsuites.com\/en\/wp-json\/wp\/v2\/users\/1"}],"replies":[{"embeddable":true,"href":"https:\/\/www.maiahotelsuites.com\/en\/wp-json\/wp\/v2\/comments?post=1997"}],"version-history":[{"count":5,"href":"https:\/\/www.maiahotelsuites.com\/en\/wp-json\/wp\/v2\/pages\/1997\/revisions"}],"predecessor-version":[{"id":2794,"href":"https:\/\/www.maiahotelsuites.com\/en\/wp-json\/wp\/v2\/pages\/1997\/revisions\/2794"}],"wp:attachment":[{"href":"https:\/\/www.maiahotelsuites.com\/en\/wp-json\/wp\/v2\/media?parent=1997"}],"curies":[{"name":"wp","href":"https:\/\/api.w.org\/{rel}","templated":true}]}}