{"id":1527,"date":"2022-02-13T16:36:33","date_gmt":"2022-02-13T16:36:33","guid":{"rendered":"https:\/\/www.maiahotelsuites.com\/?page_id=1527"},"modified":"2023-07-03T21:52:59","modified_gmt":"2023-07-03T21:52:59","slug":"salles-de-reunion","status":"publish","type":"page","link":"https:\/\/www.maiahotelsuites.com\/en\/salles-de-reunion\/","title":{"rendered":"MEETING ROOMS"},"content":{"rendered":"<div data-vc-full-width=\"true\" data-vc-full-width-init=\"false\" data-vc-stretch-content=\"true\" class=\"vc_row wpb_row vc_row-fluid vc_custom_1645387954688 vc_row-has-fill vc_row-no-padding\"><div class=\"wpb_column vc_column_container vc_col-sm-12 vc_col-has-fill\"><div class=\"vc_column-inner vc_custom_1645479652969\"><div class=\"wpb_wrapper\"><h1 style=\"color: #ffffff;text-align: center\" class=\"vc_custom_heading nd_options_color_white nd_booking_font_size_55 nd_booking_font_size_30_all_iphone nd_options_first_font\" >MEETING ROOMS<\/h1><\/div><\/div><\/div><\/div><div class=\"vc_row-full-width vc_clearfix\"><\/div><div data-vc-full-width=\"true\" data-vc-full-width-init=\"false\" class=\"vc_row wpb_row vc_row-fluid vc_custom_1646091683974 vc_row-has-fill\"><div class=\"wpb_animate_when_almost_visible wpb_fadeInDown fadeInDown wpb_column vc_column_container vc_col-sm-12\"><div class=\"vc_column-inner\"><div class=\"wpb_wrapper\"><div style=\"background-color:; height: 20px;\" class=\"nicdark_section\"><\/div> <h2 style=\"color:#ac1e75; padding:px; text-align:center; font-size:px; line-height:px; letter-spacing: 2px; font-weight:bold;\" class=\"nd_options_font_size_30 nd_options_font_size_24_important_all_iphone nd_options_line_height_24_important_all_iphone nd_options_third_font\">MEETING ROOMS<\/h2> <div style=\"background-color:; height: 10px;\" class=\"nicdark_section\"><\/div>\n    <div class=\"nd_options_section nd_options_line_height_0  nd_options_text_align_center\">\n        <span style=\"height:2px; width:120px; background-color:#ac1e75;\" class=\"nd_options_display_inline_block\"><\/span>\n    <\/div>\n   <div style=\"background-color:; height: 20px;\" class=\"nicdark_section\"><\/div><\/div><\/div><\/div><\/div><div class=\"vc_row-full-width vc_clearfix\"><\/div><div data-vc-full-width=\"true\" data-vc-full-width-init=\"false\" class=\"vc_row wpb_row vc_row-fluid nd_options_vc_parallax_filter_1_3 vc_custom_1646091689769 vc_row-has-fill vc_row-o-equal-height vc_row-o-content-middle vc_row-flex\"><div class=\"wpb_animate_when_almost_visible wpb_fadeInUp fadeInUp wpb_column vc_column_container vc_col-sm-12 vc_col-has-fill\"><div class=\"vc_column-inner vc_custom_1646749244496\"><div class=\"wpb_wrapper\">\n\t<div class=\"wpb_text_column wpb_content_element\" >\n\t\t<div class=\"wpb_wrapper\">\n\t\t\t<p class=\"nd_booking_font_size_16 nd_options_first_font nd_options_font_weight_normal nd_options_letter_space_2 nd_booking_line_height_25 nd_options_color_black\">They are located on the 1st floor and are equipped with modern audio-visual equipment as well as a high-speed wifi connection. Perfectly arranged and modular, they meet all your requests for the organization of seminars, meetings or training.<\/p>\n\n\t\t<\/div>\n\t<\/div>\n<div style=\"background-color:; height: 20px;\" class=\"nicdark_section\"><\/div><div class=\"vc_row wpb_row vc_inner vc_row-fluid\"><div class=\"wpb_column vc_column_container vc_col-sm-2\"><div class=\"vc_column-inner\"><div class=\"wpb_wrapper\"><\/div><\/div><\/div><div class=\"wpb_column vc_column_container vc_col-sm-8\"><div class=\"vc_column-inner\"><div class=\"wpb_wrapper\">\n\t<div class=\"wpb_raw_code wpb_content_element wpb_raw_html\" >\n\t\t<div class=\"wpb_wrapper\">\n\t\t\t\n<div class=\"wp-block-presto-player-reusable-edit\"><!--presto-player:video_id=5--><figure class=\"wp-block-video presto-block-video aligncenter presto-provider-youtube\" style=\"--plyr-color-main: #8e7d6c; --presto-player-logo-width: 150px; \">\n    <presto-player  id=\"presto-player-1\" src=\"\/\/www.youtube.com\/embed\/tyEKc74igiE?iv_load_policy=3&amp;modestbranding=1&amp;playinline=1&amp;showinfo=0&amp;rel=0&amp;enablejsapi=1\" media-title=\"Maia Meeting rooms\" css=\"\" class=\"presto-video-id-5 presto-preset-id-3 skin-modern\" skin=\"modern\" icon-url=\"https:\/\/www.maiahotelsuites.com\/wp-content\/plugins\/presto-player\/img\/sprite.svg\" preload=\"\" poster=\"\" playsinline>\n        \n    <div class=\"presto-iframe-fallback-container\">\n        <iframe style=\"width: 100%\" title=\"Youtube Video\" class=\"presto-fallback-iframe\" id=\"presto-iframe-fallback-1\" data-src=\"https:\/\/www.youtube.com\/embed\/tyEKc74igiE?iv_load_policy=3&amp;modestbranding=1&amp;playsinline=1&amp;showinfo=0&amp;rel=0&amp;enablejsapi=1\" allowfullscreen allowtransparency allow=\"autoplay\"><\/iframe>\n    <\/div>\n\n    <\/presto-player>\n<\/figure>        <script>\n            var player = document.querySelector('presto-player#presto-player-1');\n            player.video_id = 5;\n                                                player.preset = {\"id\":3,\"name\":\"Simple\",\"slug\":\"simple\",\"icon\":\"video-alt3\",\"skin\":\"modern\",\"play-large\":true,\"rewind\":false,\"play\":true,\"fast-forward\":false,\"progress\":true,\"current-time\":false,\"mute\":false,\"volume\":false,\"speed\":false,\"pip\":false,\"fullscreen\":true,\"captions\":false,\"reset_on_end\":true,\"auto_hide\":true,\"captions_enabled\":false,\"save_player_position\":false,\"sticky_scroll\":false,\"sticky_scroll_position\":\"bottom right\",\"on_video_end\":\"select\",\"play_video_viewport\":false,\"hide_youtube\":true,\"lazy_load_youtube\":false,\"hide_logo\":false,\"border_radius\":0,\"caption_style\":\"\",\"caption_background\":\"\",\"is_locked\":true,\"cta\":[\"\"],\"watermark\":[\"\"],\"search\":[\"\"],\"email_collection\":[\"\"],\"action_bar\":[\"\"],\"created_by\":1,\"created_at\":\"2023-07-03 21:06:52\",\"updated_at\":\"2023-07-03 21:06:52\",\"deleted_at\":\"\"};\n                                                                player.chapters = [];\n                                                                player.overlays = [];\n                                                                player.tracks = [];\n                                                                player.branding = {\"logo\":\"\",\"color\":\"#8e7d6c\",\"logo_width\":150,\"player_css\":\"\"};\n                                                                player.blockAttributes = {\"playsInline\":true,\"id\":5,\"src\":\"https:\\\/\\\/youtu.be\\\/tyEKc74igiE\",\"poster\":\"\",\"preset\":3,\"video_id\":\"tyEKc74igiE\",\"align\":\"center\",\"visibility\":\"public\",\"color\":\"#00b3ff\",\"mutedPreview\":{\"enabled\":false,\"captions\":false},\"mutedOverlay\":{\"enabled\":false,\"src\":\"\",\"width\":200,\"focalPoint\":{\"x\":0.5,\"y\":0.5}},\"mutedOverlayType\":\"text\",\"mutedOverlayText\":\"Click to play\",\"mutedOverlayImageWidth\":200,\"chapters\":[],\"overlays\":[],\"tracks\":[],\"title\":\"Maia Meeting rooms\"};\n                                                                                            player.skin = \"modern\";\n                                                                player.analytics = false;\n                                                                player.automations = true;\n                                                                player.provider = \"youtube\";\n                                                                player.video_id = 5;\n                                                                                                                        player.provider_video_id = \"tyEKc74igiE\";\n                                                                player.youtube = {\"noCookie\":false,\"channelId\":\"\",\"show_count\":false};\n                                    <\/script>\n        <\/div>\n\n\t\t<\/div>\n\t<\/div>\n<\/div><\/div><\/div><div class=\"wpb_column vc_column_container vc_col-sm-2\"><div class=\"vc_column-inner\"><div class=\"wpb_wrapper\"><\/div><\/div><\/div><\/div><\/div><\/div><\/div><\/div><div class=\"vc_row-full-width vc_clearfix\"><\/div><div data-vc-full-width=\"true\" data-vc-full-width-init=\"false\" class=\"vc_row wpb_row vc_row-fluid vc_custom_1649689755695 vc_row-has-fill vc_row-o-content-middle vc_row-flex\"><div class=\"wpb_column vc_column_container vc_col-sm-6\"><div class=\"vc_column-inner vc_custom_1645477275946\"><div class=\"wpb_wrapper\"><div class=\"vc_row wpb_row vc_inner vc_row-fluid vc_custom_1649689611951 vc_row-o-content-top vc_row-flex\"><div class=\"wpb_column vc_column_container vc_col-sm-12 vc_col-has-fill\"><div class=\"vc_column-inner vc_custom_1649688787261\"><div class=\"wpb_wrapper\"> <h2 style=\"color:#ffffff; padding:px; text-align:center; font-size:22px; line-height:24px; letter-spacing: px; font-weight:bold;\" class=\"nd_options_second_font\">\u00ab Salle Atlas \u00bb<\/h2> <div style=\"background-color:; height: 30px;\" class=\"nicdark_section\"><\/div> <p style=\"color:#ffffff; padding:px; text-align:center; font-size:14px; line-height:24px; letter-spacing: px; font-weight:normal;\" class=\"nd_options_first_font\"><\/p> <div style=\"background-color:; height: 30px;\" class=\"nicdark_section\"><\/div>\n\t<div  class=\"wpb_single_image wpb_content_element vc_align_center\">\n\t\t\n\t\t<figure class=\"wpb_wrapper vc_figure\">\n\t\t\t<div class=\"vc_single_image-wrapper   vc_box_border_grey\"><img loading=\"lazy\" decoding=\"async\" width=\"516\" height=\"235\" src=\"https:\/\/www.maiahotelsuites.com\/wp-content\/uploads\/2022\/04\/salleAtlas.jpg\" class=\"vc_single_image-img attachment-full\" alt=\"\" srcset=\"https:\/\/www.maiahotelsuites.com\/wp-content\/uploads\/2022\/04\/salleAtlas.jpg 516w, https:\/\/www.maiahotelsuites.com\/wp-content\/uploads\/2022\/04\/salleAtlas-300x137.jpg 300w\" sizes=\"auto, (max-width: 516px) 100vw, 516px\" \/><\/div>\n\t\t<\/figure>\n\t<\/div>\n<\/div><\/div><\/div><\/div><div class=\"vc_row wpb_row vc_inner vc_row-fluid vc_custom_1645477155084\"><div class=\"wpb_column vc_column_container vc_col-sm-12\"><div class=\"vc_column-inner vc_custom_1645477011135\"><div class=\"wpb_wrapper\">\n\t<div  class=\"wpb_single_image wpb_content_element vc_align_center  wpb_animate_when_almost_visible wpb_flipInY flipInY\">\n\t\t\n\t\t<figure class=\"wpb_wrapper vc_figure\">\n\t\t\t<div class=\"vc_single_image-wrapper   vc_box_border_grey\"><img loading=\"lazy\" decoding=\"async\" width=\"768\" height=\"482\" src=\"https:\/\/www.maiahotelsuites.com\/wp-content\/uploads\/2022\/05\/image3.jpg\" class=\"vc_single_image-img attachment-full\" alt=\"\" srcset=\"https:\/\/www.maiahotelsuites.com\/wp-content\/uploads\/2022\/05\/image3.jpg 768w, https:\/\/www.maiahotelsuites.com\/wp-content\/uploads\/2022\/05\/image3-300x188.jpg 300w, https:\/\/www.maiahotelsuites.com\/wp-content\/uploads\/2022\/05\/image3-18x12.jpg 18w, https:\/\/www.maiahotelsuites.com\/wp-content\/uploads\/2022\/05\/image3-24x15.jpg 24w, https:\/\/www.maiahotelsuites.com\/wp-content\/uploads\/2022\/05\/image3-36x23.jpg 36w, https:\/\/www.maiahotelsuites.com\/wp-content\/uploads\/2022\/05\/image3-48x30.jpg 48w\" sizes=\"auto, (max-width: 768px) 100vw, 768px\" \/><\/div>\n\t\t<\/figure>\n\t<\/div>\n<\/div><\/div><\/div><\/div><div class=\"vc_row wpb_row vc_inner vc_row-fluid vc_custom_1645477756513\"><div class=\"wpb_column vc_column_container vc_col-sm-12\"><div class=\"vc_column-inner vc_custom_1645477028126\"><div class=\"wpb_wrapper\">\n\t<div  class=\"wpb_single_image wpb_content_element vc_align_center  wpb_animate_when_almost_visible wpb_flipInY flipInY\">\n\t\t\n\t\t<figure class=\"wpb_wrapper vc_figure\">\n\t\t\t<div class=\"vc_single_image-wrapper   vc_box_border_grey\"><img loading=\"lazy\" decoding=\"async\" width=\"768\" height=\"498\" src=\"https:\/\/www.maiahotelsuites.com\/wp-content\/uploads\/2022\/05\/image2.jpg\" class=\"vc_single_image-img attachment-full\" alt=\"\" srcset=\"https:\/\/www.maiahotelsuites.com\/wp-content\/uploads\/2022\/05\/image2.jpg 768w, https:\/\/www.maiahotelsuites.com\/wp-content\/uploads\/2022\/05\/image2-300x195.jpg 300w, https:\/\/www.maiahotelsuites.com\/wp-content\/uploads\/2022\/05\/image2-18x12.jpg 18w, https:\/\/www.maiahotelsuites.com\/wp-content\/uploads\/2022\/05\/image2-24x16.jpg 24w, https:\/\/www.maiahotelsuites.com\/wp-content\/uploads\/2022\/05\/image2-36x23.jpg 36w, https:\/\/www.maiahotelsuites.com\/wp-content\/uploads\/2022\/05\/image2-48x31.jpg 48w\" sizes=\"auto, (max-width: 768px) 100vw, 768px\" \/><\/div>\n\t\t<\/figure>\n\t<\/div>\n<\/div><\/div><\/div><\/div><\/div><\/div><\/div><div class=\"wpb_column vc_column_container vc_col-sm-6\"><div class=\"vc_column-inner vc_custom_1645478876620\"><div class=\"wpb_wrapper\">\n\t<div  class=\"wpb_single_image wpb_content_element vc_align_center  wpb_animate_when_almost_visible wpb_flipInY flipInY vc_custom_1653079909187\">\n\t\t\n\t\t<figure class=\"wpb_wrapper vc_figure\">\n\t\t\t<div class=\"vc_single_image-wrapper   vc_box_border_grey\"><img loading=\"lazy\" decoding=\"async\" width=\"811\" height=\"1050\" src=\"https:\/\/www.maiahotelsuites.com\/wp-content\/uploads\/2022\/05\/Image1.jpg\" class=\"vc_single_image-img attachment-full\" alt=\"\" srcset=\"https:\/\/www.maiahotelsuites.com\/wp-content\/uploads\/2022\/05\/Image1.jpg 811w, https:\/\/www.maiahotelsuites.com\/wp-content\/uploads\/2022\/05\/Image1-232x300.jpg 232w, https:\/\/www.maiahotelsuites.com\/wp-content\/uploads\/2022\/05\/Image1-791x1024.jpg 791w, https:\/\/www.maiahotelsuites.com\/wp-content\/uploads\/2022\/05\/Image1-768x994.jpg 768w, https:\/\/www.maiahotelsuites.com\/wp-content\/uploads\/2022\/05\/Image1-9x12.jpg 9w, https:\/\/www.maiahotelsuites.com\/wp-content\/uploads\/2022\/05\/Image1-19x24.jpg 19w, https:\/\/www.maiahotelsuites.com\/wp-content\/uploads\/2022\/05\/Image1-28x36.jpg 28w, https:\/\/www.maiahotelsuites.com\/wp-content\/uploads\/2022\/05\/Image1-37x48.jpg 37w\" sizes=\"auto, (max-width: 811px) 100vw, 811px\" \/><\/div>\n\t\t<\/figure>\n\t<\/div>\n<div class=\"vc_row wpb_row vc_inner vc_row-fluid vc_custom_1645479054939\"><div class=\"wpb_column vc_column_container vc_col-sm-12 vc_col-has-fill\"><div class=\"vc_column-inner vc_custom_1649688812376\"><div class=\"wpb_wrapper\"> <h2 style=\"color:#ffffff; padding:px; text-align:center; font-size:22px; line-height:24px; letter-spacing: px; font-weight:bold;\" class=\"nd_options_second_font\">\u00ab Salle Electra \u00bb<\/h2> <div style=\"background-color:; height: 30px;\" class=\"nicdark_section\"><\/div> <p style=\"color:#ffffff; padding:px; text-align:center; font-size:14px; line-height:24px; letter-spacing: px; font-weight:normal;\" class=\"nd_options_first_font\"><\/p> <div style=\"background-color:; height: 30px;\" class=\"nicdark_section\"><\/div>\n\t<div  class=\"wpb_single_image wpb_content_element vc_align_left\">\n\t\t\n\t\t<figure class=\"wpb_wrapper vc_figure\">\n\t\t\t<div class=\"vc_single_image-wrapper   vc_box_border_grey\"><img loading=\"lazy\" decoding=\"async\" width=\"514\" height=\"222\" src=\"https:\/\/www.maiahotelsuites.com\/wp-content\/uploads\/2022\/04\/salleelectra.jpg\" class=\"vc_single_image-img attachment-full\" alt=\"\" srcset=\"https:\/\/www.maiahotelsuites.com\/wp-content\/uploads\/2022\/04\/salleelectra.jpg 514w, https:\/\/www.maiahotelsuites.com\/wp-content\/uploads\/2022\/04\/salleelectra-300x130.jpg 300w\" sizes=\"auto, (max-width: 514px) 100vw, 514px\" \/><\/div>\n\t\t<\/figure>\n\t<\/div>\n<\/div><\/div><\/div><\/div><\/div><\/div><\/div><\/div><div class=\"vc_row-full-width vc_clearfix\"><\/div><div data-vc-full-width=\"true\" data-vc-full-width-init=\"false\" data-vc-stretch-content=\"true\" class=\"vc_row wpb_row vc_row-fluid vc_custom_1646091710083 vc_row-has-fill vc_row-no-padding\"><div class=\"wpb_animate_when_almost_visible wpb_fadeInDown fadeInDown wpb_column vc_column_container vc_col-sm-12\"><div class=\"vc_column-inner\"><div class=\"wpb_wrapper\"><div style=\"background-color:; height: 20px;\" class=\"nicdark_section\"><\/div> <h1 style=\"color:#ac1e75; padding:px; text-align:center; font-size:px; line-height:px; letter-spacing: 2px; font-weight:bold;\" class=\"nd_options_font_size_30 nd_options_font_size_24_important_all_iphone nd_options_line_height_24_important_all_iphone nd_options_third_font\">CONTACT<\/h1> <div style=\"background-color:; height: 10px;\" class=\"nicdark_section\"><\/div>\n    <div class=\"nd_options_section nd_options_line_height_0  nd_options_text_align_center\">\n        <span style=\"height:2px; width:120px; background-color:#ac1e75;\" class=\"nd_options_display_inline_block\"><\/span>\n    <\/div>\n   <div style=\"background-color:; height: 20px;\" class=\"nicdark_section\"><\/div><div style=\"background-color:; height: px;\" class=\"nicdark_section\"><\/div><\/div><\/div><\/div><\/div><div class=\"vc_row-full-width vc_clearfix\"><\/div><div data-vc-full-width=\"true\" data-vc-full-width-init=\"false\" class=\"vc_row wpb_row vc_row-fluid nd_options_vc_parallax_filter_1_3 wpb_animate_when_almost_visible wpb_fadeInUp fadeInUp vc_custom_1651742578577 vc_row-has-fill vc_row-o-equal-height vc_row-o-content-middle vc_row-flex\"><div class=\"wpb_column vc_column_container vc_col-sm-3 vc_col-has-fill\"><div class=\"vc_column-inner vc_custom_1651742588931\"><div class=\"wpb_wrapper\"><section class=\"vc_cta3-container\"><div class=\"vc_general vc_cta3 nd_contact_info_mail vc_cta3-style-flat vc_cta3-shape-square vc_cta3-align-left vc_cta3-color-white vc_cta3-icons-on-border vc_cta3-icon-size-md vc_cta3-icons-left vc_custom_1648674640568\"><div class=\"vc_cta3-icons\"><div class=\"vc_icon_element vc_icon_element-outer vc_icon_element-align-left\"><div class=\"vc_icon_element-inner vc_icon_element-color-custom vc_icon_element-size-md vc_icon_element-style- vc_icon_element-background-color-grey\" ><span class=\"vc_icon_element-icon fas fa-envelope\" style=\"color:#1a5467 !important\"><\/span><\/div><\/div><\/div><div class=\"vc_cta3_content-container\"><div class=\"vc_cta3-content\"><header class=\"vc_cta3-content-header\"><\/header><p><a href=\"mailto: contact@maiahotelsuites.com\"><span style=\"color: #000000;\">contact@maiahotelsuites.com<\/span><\/a><\/p>\n<\/div><\/div><\/div><\/section><\/div><\/div><\/div><div class=\"wpb_column vc_column_container vc_col-sm-3 vc_col-has-fill\"><div class=\"vc_column-inner vc_custom_1651742598295\"><div class=\"wpb_wrapper\"><section class=\"vc_cta3-container\"><div class=\"vc_general vc_cta3 vc_cta3-style-flat vc_cta3-shape-square vc_cta3-align-left vc_cta3-color-white vc_cta3-icons-on-border vc_cta3-icon-size-md vc_cta3-icons-left vc_custom_1646085815318\"><div class=\"vc_cta3-icons\"><div class=\"vc_icon_element vc_icon_element-outer vc_icon_element-align-left\"><div class=\"vc_icon_element-inner vc_icon_element-color-custom vc_icon_element-size-md vc_icon_element-style- vc_icon_element-background-color-grey\" ><span class=\"vc_icon_element-icon fas fa-globe\" style=\"color:#1a5467 !important\"><\/span><\/div><\/div><\/div><div class=\"vc_cta3_content-container\"><div class=\"vc_cta3-content\"><header class=\"vc_cta3-content-header\"><\/header><p><span style=\"color: #000000;\">www.maiahotelsuites.com<\/span><\/p>\n<\/div><\/div><\/div><\/section><\/div><\/div><\/div><div class=\"wpb_column vc_column_container vc_col-sm-3 vc_col-has-fill\"><div class=\"vc_column-inner vc_custom_1651742605820\"><div class=\"wpb_wrapper\"><section class=\"vc_cta3-container\"><div class=\"vc_general vc_cta3 nd_contact_info_mail vc_cta3-style-flat vc_cta3-shape-square vc_cta3-align-left vc_cta3-color-white vc_cta3-icons-on-border vc_cta3-icon-size-md vc_cta3-icons-left vc_custom_1646085588061\"><div class=\"vc_cta3-icons\"><div class=\"vc_icon_element vc_icon_element-outer vc_icon_element-align-left\"><div class=\"vc_icon_element-inner vc_icon_element-color-custom vc_icon_element-size-md vc_icon_element-style- vc_icon_element-background-color-grey\" ><span class=\"vc_icon_element-icon fas fa-phone-alt\" style=\"color:#1a5467 !important\"><\/span><\/div><\/div><\/div><div class=\"vc_cta3_content-container\"><div class=\"vc_cta3-content\"><header class=\"vc_cta3-content-header\"><\/header><p><span style=\"color: #000000;\">+216 31 336 700<\/span><\/p>\n<\/div><\/div><\/div><\/section><\/div><\/div><\/div><div class=\"wpb_column vc_column_container vc_col-sm-3 vc_col-has-fill\"><div class=\"vc_column-inner vc_custom_1651742614761\"><div class=\"wpb_wrapper\"><section class=\"vc_cta3-container\"><div class=\"vc_general vc_cta3 nd_contact_info_mail vc_cta3-style-flat vc_cta3-shape-square vc_cta3-align-left vc_cta3-color-white vc_cta3-icons-on-border vc_cta3-icon-size-md vc_cta3-icons-left vc_custom_1646085642915\"><div class=\"vc_cta3-icons\"><div class=\"vc_icon_element vc_icon_element-outer vc_icon_element-align-left\"><div class=\"vc_icon_element-inner vc_icon_element-color-custom vc_icon_element-size-md vc_icon_element-style- vc_icon_element-background-color-grey\" ><span class=\"vc_icon_element-icon fas fa-map-marker-alt\" style=\"color:#1a5467 !important\"><\/span><\/div><\/div><\/div><div class=\"vc_cta3_content-container\"><div class=\"vc_cta3-content\"><header class=\"vc_cta3-content-header\"><\/header><p><span style=\"color: #000000;\">Rue du Lac L\u00e9man,\r\nLes Berges du Lac 1, Tunis<\/span><\/p>\n<\/div><\/div><\/div><\/section><\/div><\/div><\/div><\/div><div class=\"vc_row-full-width vc_clearfix\"><\/div>","protected":false},"excerpt":{"rendered":"SALLES DE REUNIONS SALLES DE REUNIONS Elles se trouvent au 1er \u00e9tage et sont \u00e9quip\u00e9es d\u2019un mat\u00e9riel audio-visuel moderne ainsi que d\u2019une connexion wifi haut d\u00e9bit. Parfaitement agenc\u00e9es et modulables, elles r\u00e9pondent \u00e0 toutes vos demandes pour l\u2019organisation de s\u00e9minaires, r\u00e9unions ou formations. \u00ab Salle Atlas \u00bb \u00ab Salle Electra \u00bb CONTACT contact@maiahotelsuites.com www.maiahotelsuites.com +216 [...]","protected":false},"author":1,"featured_media":1872,"parent":0,"menu_order":3,"comment_status":"closed","ping_status":"closed","template":"","meta":{"footnotes":""},"class_list":["post-1527","page","type-page","status-publish","has-post-thumbnail","hentry"],"acf":[],"_links":{"self":[{"href":"https:\/\/www.maiahotelsuites.com\/en\/wp-json\/wp\/v2\/pages\/1527","targetHints":{"allow":["GET"]}}],"collection":[{"href":"https:\/\/www.maiahotelsuites.com\/en\/wp-json\/wp\/v2\/pages"}],"about":[{"href":"https:\/\/www.maiahotelsuites.com\/en\/wp-json\/wp\/v2\/types\/page"}],"author":[{"embeddable":true,"href":"https:\/\/www.maiahotelsuites.com\/en\/wp-json\/wp\/v2\/users\/1"}],"replies":[{"embeddable":true,"href":"https:\/\/www.maiahotelsuites.com\/en\/wp-json\/wp\/v2\/comments?post=1527"}],"version-history":[{"count":92,"href":"https:\/\/www.maiahotelsuites.com\/en\/wp-json\/wp\/v2\/pages\/1527\/revisions"}],"predecessor-version":[{"id":1791,"href":"https:\/\/www.maiahotelsuites.com\/en\/wp-json\/wp\/v2\/pages\/1527\/revisions\/1791"}],"wp:featuredmedia":[{"embeddable":true,"href":"https:\/\/www.maiahotelsuites.com\/en\/wp-json\/wp\/v2\/media\/1872"}],"wp:attachment":[{"href":"https:\/\/www.maiahotelsuites.com\/en\/wp-json\/wp\/v2\/media?parent=1527"}],"curies":[{"name":"wp","href":"https:\/\/api.w.org\/{rel}","templated":true}]}}